{"id":38,"date":"2023-08-15T10:27:52","date_gmt":"2023-08-15T10:27:52","guid":{"rendered":"https:\/\/crossfitgirona.com\/?page_id=38"},"modified":"2024-03-28T10:27:53","modified_gmt":"2024-03-28T10:27:53","slug":"programaciones-de-crossfit-girona","status":"publish","type":"page","link":"https:\/\/crossfitgirona.com\/ca\/programaciones-de-crossfit-girona\/","title":{"rendered":"Programaciones de crossfit Girona"},"content":{"rendered":"<div data-elementor-type=\"wp-page\" data-elementor-id=\"38\" class=\"elementor elementor-38\">\n\t\t\t\t<div class=\"elementor-element elementor-element-6f416bf e-con-full e-flex e-con e-parent\" data-id=\"6f416bf\" data-element_type=\"container\" data-settings=\"{&quot;background_background&quot;:&quot;classic&quot;}\">\n\t\t\t\t<div class=\"elementor-element elementor-element-df0f102 elementor-widget elementor-widget-text-editor\" data-id=\"df0f102\" data-element_type=\"widget\" data-widget_type=\"text-editor.default\">\n\t\t\t\t<div class=\"elementor-widget-container\">\n\t\t\t\t\t\t\t\t\t<div class=\"elementor-element elementor-element-06ce1e4 elementor-widget elementor-widget-heading\" data-id=\"06ce1e4\" data-element_type=\"widget\" data-widget_type=\"heading.default\"><div class=\"elementor-widget-container\"><h2 class=\"elementor-heading-title elementor-size-default\">PROGRAM CLASS<\/h2><\/div><\/div><div class=\"elementor-element elementor-element-15a8850 elementor-widget elementor-widget-heading\" data-id=\"15a8850\" data-element_type=\"widget\" data-widget_type=\"heading.default\"><div class=\"elementor-widget-container\"><h2 class=\"elementor-heading-title elementor-size-default\">PROGRAM HYROX<\/h2><\/div><\/div><div class=\"elementor-element elementor-element-96b973f elementor-widget elementor-widget-heading\" data-id=\"96b973f\" data-element_type=\"widget\" data-widget_type=\"heading.default\"><div class=\"elementor-widget-container\"><h2 class=\"elementor-heading-title elementor-size-default\">MAD PROGRAM<\/h2><\/div><\/div>\t\t\t\t\t\t\t\t<\/div>\n\t\t\t\t<\/div>\n\t\t\t\t<\/div>\n\t\t<div class=\"elementor-element elementor-element-9761982 e-flex e-con-boxed e-con e-parent\" data-id=\"9761982\" data-element_type=\"container\">\n\t\t\t\t\t<div class=\"e-con-inner\">\n\t\t\t\t<div class=\"elementor-element elementor-element-36e58d7 elementor-widget elementor-widget-heading\" data-id=\"36e58d7\" data-element_type=\"widget\" data-widget_type=\"heading.default\">\n\t\t\t\t<div class=\"elementor-widget-container\">\n\t\t\t\t\t<h2 class=\"elementor-heading-title elementor-size-default\">Vols un entrenament per competir?\n<\/h2>\t\t\t\t<\/div>\n\t\t\t\t<\/div>\n\t\t\t\t<div class=\"elementor-element elementor-element-96ac6a5 elementor-widget elementor-widget-text-editor\" data-id=\"96ac6a5\" data-element_type=\"widget\" data-widget_type=\"text-editor.default\">\n\t\t\t\t<div class=\"elementor-widget-container\">\n\t\t\t\t\t\t\t\t\t<p>El\u00a0<strong>MADPROGRAM<\/strong>\u00a0\u00e9s una programaci\u00f3 d'alt rendiment per a atletes que volen competir o aconseguir un nivell f\u00edsic m\u00e9s complet. Amb entrenaments espec\u00edfics diaris de for\u00e7a, endurance, gimn\u00e0stics i treball accessori per aconseguir un f\u00edsic que acompanyi el teu nivell d'entrenament<\/p>\t\t\t\t\t\t\t\t<\/div>\n\t\t\t\t<\/div>\n\t\t\t\t\t<\/div>\n\t\t\t\t<\/div>\n\t\t<div class=\"elementor-element elementor-element-b3bbfd5 e-con-full e-flex e-con e-parent\" data-id=\"b3bbfd5\" data-element_type=\"container\" data-settings=\"{&quot;background_background&quot;:&quot;classic&quot;}\">\n\t\t\t\t<\/div>\n\t\t<div class=\"elementor-element elementor-element-fae34f5 e-con-full e-flex e-con e-parent\" data-id=\"fae34f5\" data-element_type=\"container\">\n\t\t\t\t<div class=\"elementor-element elementor-element-83c5f30 elementor-widget-divider--view-line elementor-widget elementor-widget-divider\" data-id=\"83c5f30\" data-element_type=\"widget\" data-widget_type=\"divider.default\">\n\t\t\t\t<div class=\"elementor-widget-container\">\n\t\t\t\t\t\t\t<div class=\"elementor-divider\">\n\t\t\t<span class=\"elementor-divider-separator\">\n\t\t\t\t\t\t<\/span>\n\t\t<\/div>\n\t\t\t\t\t\t<\/div>\n\t\t\t\t<\/div>\n\t\t\t\t<\/div>\n\t\t<div class=\"elementor-element elementor-element-fe62990 e-flex e-con-boxed e-con e-parent\" data-id=\"fe62990\" data-element_type=\"container\">\n\t\t\t\t\t<div class=\"e-con-inner\">\n\t\t<div class=\"elementor-element elementor-element-f11677a e-con-full e-flex e-con e-child\" data-id=\"f11677a\" data-element_type=\"container\">\n\t\t\t\t<div class=\"elementor-element elementor-element-6922b2f elementor-widget elementor-widget-heading\" data-id=\"6922b2f\" data-element_type=\"widget\" data-widget_type=\"heading.default\">\n\t\t\t\t<div class=\"elementor-widget-container\">\n\t\t\t\t\t<h2 class=\"elementor-heading-title elementor-size-default\">Program Class\n<\/h2>\t\t\t\t<\/div>\n\t\t\t\t<\/div>\n\t\t\t\t<\/div>\n\t\t<div class=\"elementor-element elementor-element-ad8cbd4 e-con-full e-flex e-con e-child\" data-id=\"ad8cbd4\" data-element_type=\"container\">\n\t\t\t\t<div class=\"elementor-element elementor-element-01d5d24 elementor-widget elementor-widget-text-editor\" data-id=\"01d5d24\" data-element_type=\"widget\" data-widget_type=\"text-editor.default\">\n\t\t\t\t<div class=\"elementor-widget-container\">\n\t\t\t\t\t\t\t\t\t<p>Programaci\u00f3 de CrossFit utilitzada als nostres dos boxes. Molt estructurada i divertida per aconseguir dominar totes les habilitats d'aquest esport.<\/p><p>Adaptable a tots els nivells i id\u00f2nia per al dia a dia en un box.<\/p><p>Aquesta programaci\u00f3 disposa de treball accessori, de<br \/>Gymnastics i Halterof\u00edlia per treballar al teu open box.<\/p><p><strong>Gratu\u00efta per a socis del Box.<\/strong><\/p><h4>Precio 39\u201995 euros al mes para no socios del Box<\/h4>\t\t\t\t\t\t\t\t<\/div>\n\t\t\t\t<\/div>\n\t\t\t\t<\/div>\n\t\t\t\t\t<\/div>\n\t\t\t\t<\/div>\n\t\t<div class=\"elementor-element elementor-element-9e9259e e-con-full e-flex e-con e-parent\" data-id=\"9e9259e\" data-element_type=\"container\">\n\t\t\t\t<div class=\"elementor-element elementor-element-f137e95 elementor-widget-divider--view-line elementor-widget elementor-widget-divider\" data-id=\"f137e95\" data-element_type=\"widget\" data-widget_type=\"divider.default\">\n\t\t\t\t<div class=\"elementor-widget-container\">\n\t\t\t\t\t\t\t<div class=\"elementor-divider\">\n\t\t\t<span class=\"elementor-divider-separator\">\n\t\t\t\t\t\t<\/span>\n\t\t<\/div>\n\t\t\t\t\t\t<\/div>\n\t\t\t\t<\/div>\n\t\t\t\t<\/div>\n\t\t<div class=\"elementor-element elementor-element-18ec9b3 e-flex e-con-boxed e-con e-parent\" data-id=\"18ec9b3\" data-element_type=\"container\">\n\t\t\t\t\t<div class=\"e-con-inner\">\n\t\t<div class=\"elementor-element elementor-element-f8dc6e4 e-con-full e-flex e-con e-child\" data-id=\"f8dc6e4\" data-element_type=\"container\">\n\t\t\t\t<div class=\"elementor-element elementor-element-87f478c elementor-widget elementor-widget-heading\" data-id=\"87f478c\" data-element_type=\"widget\" data-widget_type=\"heading.default\">\n\t\t\t\t<div class=\"elementor-widget-container\">\n\t\t\t\t\t<h2 class=\"elementor-heading-title elementor-size-default\">Program Hyrox\n<\/h2>\t\t\t\t<\/div>\n\t\t\t\t<\/div>\n\t\t\t\t<\/div>\n\t\t<div class=\"elementor-element elementor-element-5a4d4c4 e-con-full e-flex e-con e-child\" data-id=\"5a4d4c4\" data-element_type=\"container\">\n\t\t\t\t<div class=\"elementor-element elementor-element-a13338f elementor-widget elementor-widget-text-editor\" data-id=\"a13338f\" data-element_type=\"widget\" data-widget_type=\"text-editor.default\">\n\t\t\t\t<div class=\"elementor-widget-container\">\n\t\t\t\t\t\t\t\t\t<p>Programaci\u00f3 de Hyrox per a tota la setmana amb l'objectiu d'arribar a les curses de l'any en un estat de forma \u00f2ptim i preparat per aconseguir grans resultats.<\/p><p>Treball espec\u00edfic de c\u00f3rrer i for\u00e7a, amb divertits workouts que faran que t'ho passis d'all\u00f2 m\u00e9s b\u00e9 mentre aconsegueixes els teus objectius.<\/p><p><strong>Gratu\u00efta per a socis del Box.<\/strong><\/p><h3><br \/>Precio 14\u201995 euros al mes para no socios del Box.<\/h3>\t\t\t\t\t\t\t\t<\/div>\n\t\t\t\t<\/div>\n\t\t\t\t<\/div>\n\t\t\t\t\t<\/div>\n\t\t\t\t<\/div>\n\t\t<div class=\"elementor-element elementor-element-12e821a e-con-full e-flex e-con e-parent\" data-id=\"12e821a\" data-element_type=\"container\">\n\t\t\t\t<div class=\"elementor-element elementor-element-3ae6db0 elementor-widget-divider--view-line elementor-widget elementor-widget-divider\" data-id=\"3ae6db0\" data-element_type=\"widget\" data-widget_type=\"divider.default\">\n\t\t\t\t<div class=\"elementor-widget-container\">\n\t\t\t\t\t\t\t<div class=\"elementor-divider\">\n\t\t\t<span class=\"elementor-divider-separator\">\n\t\t\t\t\t\t<\/span>\n\t\t<\/div>\n\t\t\t\t\t\t<\/div>\n\t\t\t\t<\/div>\n\t\t\t\t<\/div>\n\t\t<div class=\"elementor-element elementor-element-0bd50e3 e-flex e-con-boxed e-con e-parent\" data-id=\"0bd50e3\" data-element_type=\"container\">\n\t\t\t\t\t<div class=\"e-con-inner\">\n\t\t<div class=\"elementor-element elementor-element-fdad1fa e-con-full e-flex e-con e-child\" data-id=\"fdad1fa\" data-element_type=\"container\">\n\t\t\t\t<div class=\"elementor-element elementor-element-a37beaa elementor-widget elementor-widget-heading\" data-id=\"a37beaa\" data-element_type=\"widget\" data-widget_type=\"heading.default\">\n\t\t\t\t<div class=\"elementor-widget-container\">\n\t\t\t\t\t<h2 class=\"elementor-heading-title elementor-size-default\">Madprogram<\/h2>\t\t\t\t<\/div>\n\t\t\t\t<\/div>\n\t\t\t\t<\/div>\n\t\t<div class=\"elementor-element elementor-element-7b1ad44 e-con-full e-flex e-con e-child\" data-id=\"7b1ad44\" data-element_type=\"container\">\n\t\t\t\t<div class=\"elementor-element elementor-element-1c74f58 elementor-widget elementor-widget-text-editor\" data-id=\"1c74f58\" data-element_type=\"widget\" data-widget_type=\"text-editor.default\">\n\t\t\t\t<div class=\"elementor-widget-container\">\n\t\t\t\t\t\t\t\t\t<p>Vols una programaci\u00f3 per competir MADPROGRAM \u00e9s una programaci\u00f3 d'alt rendiment per a atletes que volen competir o aconseguir un nivell f\u00edsic m\u00e9s complet.<\/p><p>Amb entrenaments espec\u00edfics diaris de for\u00e7a, resist\u00e8ncia, gimn\u00e0stics i treball accessori per aconseguir un f\u00edsic que acompanyi el vostre nivell d'entrenament.<\/p><p><strong>Gratu\u00efta per a socis del Box.<\/strong><\/p><h4><br \/><strong>Precio 14\u201995 euros al mes para no socios del Box.<\/strong><\/h4>\t\t\t\t\t\t\t\t<\/div>\n\t\t\t\t<\/div>\n\t\t\t\t<\/div>\n\t\t\t\t\t<\/div>\n\t\t\t\t<\/div>\n\t\t\t\t<\/div>","protected":false},"excerpt":{"rendered":"<p>PROGRAM CLASS PROGRAM HYROX MAD PROGRAM \u00bfQuieres un entrenamiento para competir? El\u00a0MADPROGRAM\u00a0es una programaci\u00f3n de alto rendimiento para atletas que desean competir o conseguir un nivel f\u00edsico m\u00e1s completo.\u00a0Con entrenamientos espec\u00edficos diarios de fuerza, endurance, gymnasticos y trabajo accesorio para conseguir un f\u00edsico que acompa\u00f1e a tu nivel de entrenamiento Program Class Programaci\u00f3n de CrossFit [&hellip;]<\/p>","protected":false},"author":1,"featured_media":0,"parent":0,"menu_order":0,"comment_status":"closed","ping_status":"closed","template":"","meta":{"site-sidebar-layout":"no-sidebar","site-content-layout":"page-builder","ast-site-content-layout":"","site-content-style":"default","site-sidebar-style":"default","ast-global-header-display":"","ast-banner-title-visibility":"","ast-main-header-display":"","ast-hfb-above-header-display":"","ast-hfb-below-header-display":"","ast-hfb-mobile-header-display":"","site-post-title":"disabled","ast-breadcrumbs-content":"","ast-featured-img":"disabled","footer-sml-layout":"","theme-transparent-header-meta":"","adv-header-id-meta":"","stick-header-meta":"","header-above-stick-meta":"","header-main-stick-meta":"","header-below-stick-meta":"","astra-migrate-meta-layouts":"default","ast-page-background-enabled":"default","ast-page-background-meta":{"desktop":{"background-color":"var(--ast-global-color-4)","background-image":"","background-repeat":"repeat","background-position":"center center","background-size":"auto","background-attachment":"scroll","background-type":"","background-media":"","overlay-type":"","overlay-color":"","overlay-gradient":""},"tablet":{"background-color":"","background-image":"","background-repeat":"repeat","background-position":"center center","background-size":"auto","background-attachment":"scroll","background-type":"","background-media":"","overlay-type":"","overlay-color":"","overlay-gradient":""},"mobile":{"background-color":"","background-image":"","background-repeat":"repeat","background-position":"center center","background-size":"auto","background-attachment":"scroll","background-type":"","background-media":"","overlay-type":"","overlay-color":"","overlay-gradient":""}},"ast-content-background-meta":{"desktop":{"background-color":"var(--ast-global-color-5)","background-image":"","background-repeat":"repeat","background-position":"center center","background-size":"auto","background-attachment":"scroll","background-type":"","background-media":"","overlay-type":"","overlay-color":"","overlay-gradient":""},"tablet":{"background-color":"var(--ast-global-color-5)","background-image":"","background-repeat":"repeat","background-position":"center center","background-size":"auto","background-attachment":"scroll","background-type":"","background-media":"","overlay-type":"","overlay-color":"","overlay-gradient":""},"mobile":{"background-color":"var(--ast-global-color-5)","background-image":"","background-repeat":"repeat","background-position":"center center","background-size":"auto","background-attachment":"scroll","background-type":"","background-media":"","overlay-type":"","overlay-color":"","overlay-gradient":""}},"_joinchat":[],"footnotes":""},"class_list":["post-38","page","type-page","status-publish","hentry"],"yoast_head":"<!-- This site is optimized with the Yoast SEO plugin v26.7 - https:\/\/yoast.com\/wordpress\/plugins\/seo\/ -->\n<title>Programaciones de crossfit Girona -<\/title>\n<meta name=\"robots\" content=\"index, follow, max-snippet:-1, max-image-preview:large, max-video-preview:-1\" \/>\n<link rel=\"canonical\" href=\"https:\/\/crossfitgirona.com\/ca\/programaciones-de-crossfit-girona\/\" \/>\n<meta property=\"og:locale\" content=\"ca_ES\" \/>\n<meta property=\"og:type\" content=\"article\" \/>\n<meta property=\"og:title\" content=\"Programaciones de crossfit Girona -\" \/>\n<meta property=\"og:description\" content=\"PROGRAM CLASS PROGRAM HYROX MAD PROGRAM \u00bfQuieres un entrenamiento para competir? El\u00a0MADPROGRAM\u00a0es una programaci\u00f3n de alto rendimiento para atletas que desean competir o conseguir un nivel f\u00edsico m\u00e1s completo.\u00a0Con entrenamientos espec\u00edficos diarios de fuerza, endurance, gymnasticos y trabajo accesorio para conseguir un f\u00edsico que acompa\u00f1e a tu nivel de entrenamiento Program Class Programaci\u00f3n de CrossFit [&hellip;]\" \/>\n<meta property=\"og:url\" content=\"https:\/\/crossfitgirona.com\/ca\/programaciones-de-crossfit-girona\/\" \/>\n<meta property=\"article:modified_time\" content=\"2024-03-28T10:27:53+00:00\" \/>\n<meta name=\"twitter:card\" content=\"summary_large_image\" \/>\n<meta name=\"twitter:label1\" content=\"Temps estimat de lectura\" \/>\n\t<meta name=\"twitter:data1\" content=\"2 minuts\" \/>\n<script type=\"application\/ld+json\" class=\"yoast-schema-graph\">{\"@context\":\"https:\/\/schema.org\",\"@graph\":[{\"@type\":\"WebPage\",\"@id\":\"https:\/\/crossfitgirona.com\/programaciones-de-crossfit-girona\/\",\"url\":\"https:\/\/crossfitgirona.com\/programaciones-de-crossfit-girona\/\",\"name\":\"Programaciones de crossfit Girona -\",\"isPartOf\":{\"@id\":\"https:\/\/crossfitgirona.com\/#website\"},\"datePublished\":\"2023-08-15T10:27:52+00:00\",\"dateModified\":\"2024-03-28T10:27:53+00:00\",\"breadcrumb\":{\"@id\":\"https:\/\/crossfitgirona.com\/programaciones-de-crossfit-girona\/#breadcrumb\"},\"inLanguage\":\"ca\",\"potentialAction\":[{\"@type\":\"ReadAction\",\"target\":[\"https:\/\/crossfitgirona.com\/programaciones-de-crossfit-girona\/\"]}]},{\"@type\":\"BreadcrumbList\",\"@id\":\"https:\/\/crossfitgirona.com\/programaciones-de-crossfit-girona\/#breadcrumb\",\"itemListElement\":[{\"@type\":\"ListItem\",\"position\":1,\"name\":\"Portada\",\"item\":\"https:\/\/crossfitgirona.com\/\"},{\"@type\":\"ListItem\",\"position\":2,\"name\":\"Programaciones de crossfit Girona\"}]},{\"@type\":\"WebSite\",\"@id\":\"https:\/\/crossfitgirona.com\/#website\",\"url\":\"https:\/\/crossfitgirona.com\/\",\"name\":\"\",\"description\":\"Centro de entrenamiento de CrossFit que busca liberar todo el potencial de cada persona a trav\u00e9s de ejercicios de velocidad, fuerza, movilidad articular y coordinaci\u00f3n\",\"potentialAction\":[{\"@type\":\"SearchAction\",\"target\":{\"@type\":\"EntryPoint\",\"urlTemplate\":\"https:\/\/crossfitgirona.com\/?s={search_term_string}\"},\"query-input\":{\"@type\":\"PropertyValueSpecification\",\"valueRequired\":true,\"valueName\":\"search_term_string\"}}],\"inLanguage\":\"ca\"}]}<\/script>\n<!-- \/ Yoast SEO plugin. -->","yoast_head_json":{"title":"Programaciones de crossfit Girona -","robots":{"index":"index","follow":"follow","max-snippet":"max-snippet:-1","max-image-preview":"max-image-preview:large","max-video-preview":"max-video-preview:-1"},"canonical":"https:\/\/crossfitgirona.com\/ca\/programaciones-de-crossfit-girona\/","og_locale":"ca_ES","og_type":"article","og_title":"Programaciones de crossfit Girona -","og_description":"PROGRAM CLASS PROGRAM HYROX MAD PROGRAM \u00bfQuieres un entrenamiento para competir? El\u00a0MADPROGRAM\u00a0es una programaci\u00f3n de alto rendimiento para atletas que desean competir o conseguir un nivel f\u00edsico m\u00e1s completo.\u00a0Con entrenamientos espec\u00edficos diarios de fuerza, endurance, gymnasticos y trabajo accesorio para conseguir un f\u00edsico que acompa\u00f1e a tu nivel de entrenamiento Program Class Programaci\u00f3n de CrossFit [&hellip;]","og_url":"https:\/\/crossfitgirona.com\/ca\/programaciones-de-crossfit-girona\/","article_modified_time":"2024-03-28T10:27:53+00:00","twitter_card":"summary_large_image","twitter_misc":{"Temps estimat de lectura":"2 minuts"},"schema":{"@context":"https:\/\/schema.org","@graph":[{"@type":"WebPage","@id":"https:\/\/crossfitgirona.com\/programaciones-de-crossfit-girona\/","url":"https:\/\/crossfitgirona.com\/programaciones-de-crossfit-girona\/","name":"Programaciones de crossfit Girona -","isPartOf":{"@id":"https:\/\/crossfitgirona.com\/#website"},"datePublished":"2023-08-15T10:27:52+00:00","dateModified":"2024-03-28T10:27:53+00:00","breadcrumb":{"@id":"https:\/\/crossfitgirona.com\/programaciones-de-crossfit-girona\/#breadcrumb"},"inLanguage":"ca","potentialAction":[{"@type":"ReadAction","target":["https:\/\/crossfitgirona.com\/programaciones-de-crossfit-girona\/"]}]},{"@type":"BreadcrumbList","@id":"https:\/\/crossfitgirona.com\/programaciones-de-crossfit-girona\/#breadcrumb","itemListElement":[{"@type":"ListItem","position":1,"name":"Portada","item":"https:\/\/crossfitgirona.com\/"},{"@type":"ListItem","position":2,"name":"Programaciones de crossfit Girona"}]},{"@type":"WebSite","@id":"https:\/\/crossfitgirona.com\/#website","url":"https:\/\/crossfitgirona.com\/","name":"","description":"Centro de entrenamiento de CrossFit que busca liberar todo el potencial de cada persona a trav\u00e9s de ejercicios de velocidad, fuerza, movilidad articular y coordinaci\u00f3n","potentialAction":[{"@type":"SearchAction","target":{"@type":"EntryPoint","urlTemplate":"https:\/\/crossfitgirona.com\/?s={search_term_string}"},"query-input":{"@type":"PropertyValueSpecification","valueRequired":true,"valueName":"search_term_string"}}],"inLanguage":"ca"}]}},"_links":{"self":[{"href":"https:\/\/crossfitgirona.com\/ca\/wp-json\/wp\/v2\/pages\/38","targetHints":{"allow":["GET"]}}],"collection":[{"href":"https:\/\/crossfitgirona.com\/ca\/wp-json\/wp\/v2\/pages"}],"about":[{"href":"https:\/\/crossfitgirona.com\/ca\/wp-json\/wp\/v2\/types\/page"}],"author":[{"embeddable":true,"href":"https:\/\/crossfitgirona.com\/ca\/wp-json\/wp\/v2\/users\/1"}],"replies":[{"embeddable":true,"href":"https:\/\/crossfitgirona.com\/ca\/wp-json\/wp\/v2\/comments?post=38"}],"version-history":[{"count":13,"href":"https:\/\/crossfitgirona.com\/ca\/wp-json\/wp\/v2\/pages\/38\/revisions"}],"predecessor-version":[{"id":394,"href":"https:\/\/crossfitgirona.com\/ca\/wp-json\/wp\/v2\/pages\/38\/revisions\/394"}],"wp:attachment":[{"href":"https:\/\/crossfitgirona.com\/ca\/wp-json\/wp\/v2\/media?parent=38"}],"curies":[{"name":"wp","href":"https:\/\/api.w.org\/{rel}","templated":true}]}}