{"id":43,"date":"2023-08-15T10:35:50","date_gmt":"2023-08-15T10:35:50","guid":{"rendered":"https:\/\/crossfitgirona.com\/?page_id=43"},"modified":"2025-11-12T10:56:33","modified_gmt":"2025-11-12T10:56:33","slug":"contacto","status":"publish","type":"page","link":"https:\/\/crossfitgirona.com\/ca\/contacto\/","title":{"rendered":"Contacte"},"content":{"rendered":"<div data-elementor-type=\"wp-page\" data-elementor-id=\"43\" class=\"elementor elementor-43\">\n\t\t\t\t<div class=\"elementor-element elementor-element-c32d0c2 e-flex e-con-boxed e-con e-parent\" data-id=\"c32d0c2\" data-element_type=\"container\" data-settings=\"{&quot;background_background&quot;:&quot;classic&quot;}\">\n\t\t\t\t\t<div class=\"e-con-inner\">\n\t\t\t\t<div class=\"elementor-element elementor-element-327c3cf elementor-widget elementor-widget-heading\" data-id=\"327c3cf\" data-element_type=\"widget\" data-widget_type=\"heading.default\">\n\t\t\t\t<div class=\"elementor-widget-container\">\n\t\t\t\t\t<h2 class=\"elementor-heading-title elementor-size-default\">CONTACTA'NS<\/h2>\t\t\t\t<\/div>\n\t\t\t\t<\/div>\n\t\t\t\t\t<\/div>\n\t\t\t\t<\/div>\n\t\t<div class=\"elementor-element elementor-element-8349f22 e-con-full e-flex e-con e-parent\" data-id=\"8349f22\" data-element_type=\"container\">\n\t\t\t\t<div class=\"elementor-element elementor-element-526b188 elementor-widget elementor-widget-html\" data-id=\"526b188\" data-element_type=\"widget\" data-widget_type=\"html.default\">\n\t\t\t\t<div class=\"elementor-widget-container\">\n\t\t\t\t\t<iframe src=\"https:\/\/www.google.com\/maps\/embed?pb=!1m18!1m12!1m3!1d23728.92550466374!2d2.783301726504281!3d41.97632585876035!2m3!1f0!2f0!3f0!3m2!1i1024!2i768!4f13.1!3m3!1m2!1s0x12bae1508d90979f%3A0x8f64fa905b9d2169!2sCrossfit%20Girona!5e0!3m2!1ses!2ses!4v1692791809907!5m2!1ses!2ses\" width=\"600\" height=\"450\" style=\"border:0;\" allowfullscreen=\"\" loading=\"lazy\" referrerpolicy=\"no-referrer-when-downgrade\"><\/iframe>\t\t\t\t<\/div>\n\t\t\t\t<\/div>\n\t\t\t\t<\/div>\n\t\t<div class=\"elementor-element elementor-element-7be6050 e-flex e-con-boxed e-con e-parent\" data-id=\"7be6050\" data-element_type=\"container\">\n\t\t\t\t\t<div class=\"e-con-inner\">\n\t\t\t\t<div class=\"elementor-element elementor-element-b0c1adc elementor-widget elementor-widget-heading\" data-id=\"b0c1adc\" data-element_type=\"widget\" data-widget_type=\"heading.default\">\n\t\t\t\t<div class=\"elementor-widget-container\">\n\t\t\t\t\t<h3 class=\"elementor-heading-title elementor-size-default\">Elige tu V\u00eda de Contacto Preferida\n<\/h3>\t\t\t\t<\/div>\n\t\t\t\t<\/div>\n\t\t\t\t\t<\/div>\n\t\t\t\t<\/div>\n\t\t<div class=\"elementor-element elementor-element-c6913b6 e-flex e-con-boxed e-con e-parent\" data-id=\"c6913b6\" data-element_type=\"container\">\n\t\t\t\t\t<div class=\"e-con-inner\">\n\t\t<div class=\"elementor-element elementor-element-67b4748 e-con-full e-flex e-con e-child\" data-id=\"67b4748\" data-element_type=\"container\">\n\t\t\t\t<div class=\"elementor-element elementor-element-f93c3ab elementor-widget elementor-widget-button\" data-id=\"f93c3ab\" data-element_type=\"widget\" data-widget_type=\"button.default\">\n\t\t\t\t<div class=\"elementor-widget-container\">\n\t\t\t\t\t\t\t\t\t<div class=\"elementor-button-wrapper\">\n\t\t\t\t\t<a class=\"elementor-button elementor-button-link elementor-size-sm\" href=\"https:\/\/wa.me\/+34648433215\">\n\t\t\t\t\t\t<span class=\"elementor-button-content-wrapper\">\n\t\t\t\t\t\t<span class=\"elementor-button-icon\">\n\t\t\t\t<i aria-hidden=\"true\" class=\"fab fa-whatsapp\"><\/i>\t\t\t<\/span>\n\t\t\t\t\t\t\t\t\t<span class=\"elementor-button-text\">  ENVIAR UN  WHATSAPP<\/span>\n\t\t\t\t\t<\/span>\n\t\t\t\t\t<\/a>\n\t\t\t\t<\/div>\n\t\t\t\t\t\t\t\t<\/div>\n\t\t\t\t<\/div>\n\t\t\t\t<\/div>\n\t\t<div class=\"elementor-element elementor-element-73d75fd e-con-full e-flex e-con e-child\" data-id=\"73d75fd\" data-element_type=\"container\">\n\t\t\t\t<div class=\"elementor-element elementor-element-aef2704 elementor-widget elementor-widget-text-editor\" data-id=\"aef2704\" data-element_type=\"widget\" data-widget_type=\"text-editor.default\">\n\t\t\t\t<div class=\"elementor-widget-container\">\n\t\t\t\t\t\t\t\t\t<p>\u00a0Abre una conversaci\u00f3n de WhatsApp contigo directamente. Es ideal para consultas r\u00e1pidas.<\/p>\t\t\t\t\t\t\t\t<\/div>\n\t\t\t\t<\/div>\n\t\t\t\t<\/div>\n\t\t\t\t\t<\/div>\n\t\t\t\t<\/div>\n\t\t<div class=\"elementor-element elementor-element-e151455 e-flex e-con-boxed e-con e-parent\" data-id=\"e151455\" data-element_type=\"container\">\n\t\t\t\t\t<div class=\"e-con-inner\">\n\t\t<div class=\"elementor-element elementor-element-a595335 e-con-full e-flex e-con e-child\" data-id=\"a595335\" data-element_type=\"container\">\n\t\t\t\t<div class=\"elementor-element elementor-element-c543e4d elementor-widget elementor-widget-button\" data-id=\"c543e4d\" data-element_type=\"widget\" data-widget_type=\"button.default\">\n\t\t\t\t<div class=\"elementor-widget-container\">\n\t\t\t\t\t\t\t\t\t<div class=\"elementor-button-wrapper\">\n\t\t\t\t\t<a class=\"elementor-button elementor-button-link elementor-size-sm\" href=\"mailto:crosfitgirona@gmail.com\">\n\t\t\t\t\t\t<span class=\"elementor-button-content-wrapper\">\n\t\t\t\t\t\t\t\t\t<span class=\"elementor-button-text\"> \u2709\ufe0f ENVIAR UN EMAIL<\/span>\n\t\t\t\t\t<\/span>\n\t\t\t\t\t<\/a>\n\t\t\t\t<\/div>\n\t\t\t\t\t\t\t\t<\/div>\n\t\t\t\t<\/div>\n\t\t\t\t<\/div>\n\t\t<div class=\"elementor-element elementor-element-481ab21 e-con-full e-flex e-con e-child\" data-id=\"481ab21\" data-element_type=\"container\">\n\t\t\t\t<div class=\"elementor-element elementor-element-f03b906 elementor-widget elementor-widget-text-editor\" data-id=\"f03b906\" data-element_type=\"widget\" data-widget_type=\"text-editor.default\">\n\t\t\t\t<div class=\"elementor-widget-container\">\n\t\t\t\t\t\t\t\t\t<p>Al hacer clic, se abrir\u00e1 autom\u00e1ticamente la aplicaci\u00f3n de correo del usuario (Outlook, Gmail, Apple Mail) con tu direcci\u00f3n ya puesta en el destinatario.<\/p>\t\t\t\t\t\t\t\t<\/div>\n\t\t\t\t<\/div>\n\t\t\t\t<\/div>\n\t\t\t\t\t<\/div>\n\t\t\t\t<\/div>\n\t\t<div class=\"elementor-element elementor-element-b5a6858 e-flex e-con-boxed e-con e-parent\" data-id=\"b5a6858\" data-element_type=\"container\">\n\t\t\t\t\t<div class=\"e-con-inner\">\n\t\t<div class=\"elementor-element elementor-element-bf6568e e-con-full e-flex e-con e-child\" data-id=\"bf6568e\" data-element_type=\"container\">\n\t\t\t\t<div class=\"elementor-element elementor-element-0594221 elementor-widget elementor-widget-button\" data-id=\"0594221\" data-element_type=\"widget\" data-widget_type=\"button.default\">\n\t\t\t\t<div class=\"elementor-widget-container\">\n\t\t\t\t\t\t\t\t\t<div class=\"elementor-button-wrapper\">\n\t\t\t\t\t<a class=\"elementor-button elementor-button-link elementor-size-sm\" href=\"tel:+34648433215\">\n\t\t\t\t\t\t<span class=\"elementor-button-content-wrapper\">\n\t\t\t\t\t\t<span class=\"elementor-button-icon\">\n\t\t\t\t<i aria-hidden=\"true\" class=\"fas fa-phone\"><\/i>\t\t\t<\/span>\n\t\t\t\t\t\t\t\t\t<span class=\"elementor-button-text\">LLamar<\/span>\n\t\t\t\t\t<\/span>\n\t\t\t\t\t<\/a>\n\t\t\t\t<\/div>\n\t\t\t\t\t\t\t\t<\/div>\n\t\t\t\t<\/div>\n\t\t\t\t<\/div>\n\t\t<div class=\"elementor-element elementor-element-484b85e e-con-full e-flex e-con e-child\" data-id=\"484b85e\" data-element_type=\"container\">\n\t\t\t\t<div class=\"elementor-element elementor-element-7cca686 elementor-widget elementor-widget-text-editor\" data-id=\"7cca686\" data-element_type=\"widget\" data-widget_type=\"text-editor.default\">\n\t\t\t\t<div class=\"elementor-widget-container\">\n\t\t\t\t\t\t\t\t\t<p><span style=\"font-family: 'Playfair Display', sans-serif; font-size: 15px; letter-spacing: 0.2px; text-align: start;\">Marcar\u00e1 autom\u00e1ticamente a m\u00ed n\u00famero de tel\u00e9fono para realizar una llamada.<\/span><\/p>\t\t\t\t\t\t\t\t<\/div>\n\t\t\t\t<\/div>\n\t\t\t\t<\/div>\n\t\t\t\t\t<\/div>\n\t\t\t\t<\/div>\n\t\t\t\t<\/div>","protected":false},"excerpt":{"rendered":"<p>CONTACTANOS Elige tu V\u00eda de Contacto Preferida ENVIAR UN WHATSAPP \u00a0Abre una conversaci\u00f3n de WhatsApp contigo directamente. Es ideal para consultas r\u00e1pidas. \u2709\ufe0f ENVIAR UN EMAIL Al hacer clic, se abrir\u00e1 autom\u00e1ticamente la aplicaci\u00f3n de correo del usuario (Outlook, Gmail, Apple Mail) con tu direcci\u00f3n ya puesta en el destinatario. LLamar Marcar\u00e1 autom\u00e1ticamente a m\u00ed [&hellip;]<\/p>","protected":false},"author":1,"featured_media":0,"parent":0,"menu_order":0,"comment_status":"closed","ping_status":"closed","template":"","meta":{"site-sidebar-layout":"no-sidebar","site-content-layout":"page-builder","ast-site-content-layout":"","site-content-style":"default","site-sidebar-style":"default","ast-global-header-display":"","ast-banner-title-visibility":"","ast-main-header-display":"","ast-hfb-above-header-display":"","ast-hfb-below-header-display":"","ast-hfb-mobile-header-display":"","site-post-title":"disabled","ast-breadcrumbs-content":"","ast-featured-img":"disabled","footer-sml-layout":"","theme-transparent-header-meta":"","adv-header-id-meta":"","stick-header-meta":"","header-above-stick-meta":"","header-main-stick-meta":"","header-below-stick-meta":"","astra-migrate-meta-layouts":"default","ast-page-background-enabled":"default","ast-page-background-meta":{"desktop":{"background-color":"var(--ast-global-color-4)","background-image":"","background-repeat":"repeat","background-position":"center center","background-size":"auto","background-attachment":"scroll","background-type":"","background-media":"","overlay-type":"","overlay-color":"","overlay-gradient":""},"tablet":{"background-color":"","background-image":"","background-repeat":"repeat","background-position":"center center","background-size":"auto","background-attachment":"scroll","background-type":"","background-media":"","overlay-type":"","overlay-color":"","overlay-gradient":""},"mobile":{"background-color":"","background-image":"","background-repeat":"repeat","background-position":"center center","background-size":"auto","background-attachment":"scroll","background-type":"","background-media":"","overlay-type":"","overlay-color":"","overlay-gradient":""}},"ast-content-background-meta":{"desktop":{"background-color":"var(--ast-global-color-5)","background-image":"","background-repeat":"repeat","background-position":"center center","background-size":"auto","background-attachment":"scroll","background-type":"","background-media":"","overlay-type":"","overlay-color":"","overlay-gradient":""},"tablet":{"background-color":"var(--ast-global-color-5)","background-image":"","background-repeat":"repeat","background-position":"center center","background-size":"auto","background-attachment":"scroll","background-type":"","background-media":"","overlay-type":"","overlay-color":"","overlay-gradient":""},"mobile":{"background-color":"var(--ast-global-color-5)","background-image":"","background-repeat":"repeat","background-position":"center center","background-size":"auto","background-attachment":"scroll","background-type":"","background-media":"","overlay-type":"","overlay-color":"","overlay-gradient":""}},"_joinchat":[],"footnotes":""},"class_list":["post-43","page","type-page","status-publish","hentry"],"yoast_head":"<!-- This site is optimized with the Yoast SEO plugin v26.7 - https:\/\/yoast.com\/wordpress\/plugins\/seo\/ -->\n<title>Contacto -<\/title>\n<meta name=\"robots\" content=\"index, follow, max-snippet:-1, max-image-preview:large, max-video-preview:-1\" \/>\n<link rel=\"canonical\" href=\"https:\/\/crossfitgirona.com\/ca\/contacto\/\" \/>\n<meta property=\"og:locale\" content=\"ca_ES\" \/>\n<meta property=\"og:type\" content=\"article\" \/>\n<meta property=\"og:title\" content=\"Contacto -\" \/>\n<meta property=\"og:description\" content=\"CONTACTANOS Elige tu V\u00eda de Contacto Preferida ENVIAR UN WHATSAPP \u00a0Abre una conversaci\u00f3n de WhatsApp contigo directamente. Es ideal para consultas r\u00e1pidas. \u2709\ufe0f ENVIAR UN EMAIL Al hacer clic, se abrir\u00e1 autom\u00e1ticamente la aplicaci\u00f3n de correo del usuario (Outlook, Gmail, Apple Mail) con tu direcci\u00f3n ya puesta en el destinatario. LLamar Marcar\u00e1 autom\u00e1ticamente a m\u00ed [&hellip;]\" \/>\n<meta property=\"og:url\" content=\"https:\/\/crossfitgirona.com\/ca\/contacto\/\" \/>\n<meta property=\"article:modified_time\" content=\"2025-11-12T10:56:33+00:00\" \/>\n<meta name=\"twitter:card\" content=\"summary_large_image\" \/>\n<meta name=\"twitter:label1\" content=\"Temps estimat de lectura\" \/>\n\t<meta name=\"twitter:data1\" content=\"1 minut\" \/>\n<script type=\"application\/ld+json\" class=\"yoast-schema-graph\">{\"@context\":\"https:\/\/schema.org\",\"@graph\":[{\"@type\":\"WebPage\",\"@id\":\"https:\/\/crossfitgirona.com\/contacto\/\",\"url\":\"https:\/\/crossfitgirona.com\/contacto\/\",\"name\":\"Contacto -\",\"isPartOf\":{\"@id\":\"https:\/\/crossfitgirona.com\/#website\"},\"datePublished\":\"2023-08-15T10:35:50+00:00\",\"dateModified\":\"2025-11-12T10:56:33+00:00\",\"breadcrumb\":{\"@id\":\"https:\/\/crossfitgirona.com\/contacto\/#breadcrumb\"},\"inLanguage\":\"ca\",\"potentialAction\":[{\"@type\":\"ReadAction\",\"target\":[\"https:\/\/crossfitgirona.com\/contacto\/\"]}]},{\"@type\":\"BreadcrumbList\",\"@id\":\"https:\/\/crossfitgirona.com\/contacto\/#breadcrumb\",\"itemListElement\":[{\"@type\":\"ListItem\",\"position\":1,\"name\":\"Portada\",\"item\":\"https:\/\/crossfitgirona.com\/\"},{\"@type\":\"ListItem\",\"position\":2,\"name\":\"Contacto\"}]},{\"@type\":\"WebSite\",\"@id\":\"https:\/\/crossfitgirona.com\/#website\",\"url\":\"https:\/\/crossfitgirona.com\/\",\"name\":\"\",\"description\":\"Centro de entrenamiento de CrossFit que busca liberar todo el potencial de cada persona a trav\u00e9s de ejercicios de velocidad, fuerza, movilidad articular y coordinaci\u00f3n\",\"potentialAction\":[{\"@type\":\"SearchAction\",\"target\":{\"@type\":\"EntryPoint\",\"urlTemplate\":\"https:\/\/crossfitgirona.com\/?s={search_term_string}\"},\"query-input\":{\"@type\":\"PropertyValueSpecification\",\"valueRequired\":true,\"valueName\":\"search_term_string\"}}],\"inLanguage\":\"ca\"}]}<\/script>\n<!-- \/ Yoast SEO plugin. -->","yoast_head_json":{"title":"Contacto -","robots":{"index":"index","follow":"follow","max-snippet":"max-snippet:-1","max-image-preview":"max-image-preview:large","max-video-preview":"max-video-preview:-1"},"canonical":"https:\/\/crossfitgirona.com\/ca\/contacto\/","og_locale":"ca_ES","og_type":"article","og_title":"Contacto -","og_description":"CONTACTANOS Elige tu V\u00eda de Contacto Preferida ENVIAR UN WHATSAPP \u00a0Abre una conversaci\u00f3n de WhatsApp contigo directamente. Es ideal para consultas r\u00e1pidas. \u2709\ufe0f ENVIAR UN EMAIL Al hacer clic, se abrir\u00e1 autom\u00e1ticamente la aplicaci\u00f3n de correo del usuario (Outlook, Gmail, Apple Mail) con tu direcci\u00f3n ya puesta en el destinatario. LLamar Marcar\u00e1 autom\u00e1ticamente a m\u00ed [&hellip;]","og_url":"https:\/\/crossfitgirona.com\/ca\/contacto\/","article_modified_time":"2025-11-12T10:56:33+00:00","twitter_card":"summary_large_image","twitter_misc":{"Temps estimat de lectura":"1 minut"},"schema":{"@context":"https:\/\/schema.org","@graph":[{"@type":"WebPage","@id":"https:\/\/crossfitgirona.com\/contacto\/","url":"https:\/\/crossfitgirona.com\/contacto\/","name":"Contacto -","isPartOf":{"@id":"https:\/\/crossfitgirona.com\/#website"},"datePublished":"2023-08-15T10:35:50+00:00","dateModified":"2025-11-12T10:56:33+00:00","breadcrumb":{"@id":"https:\/\/crossfitgirona.com\/contacto\/#breadcrumb"},"inLanguage":"ca","potentialAction":[{"@type":"ReadAction","target":["https:\/\/crossfitgirona.com\/contacto\/"]}]},{"@type":"BreadcrumbList","@id":"https:\/\/crossfitgirona.com\/contacto\/#breadcrumb","itemListElement":[{"@type":"ListItem","position":1,"name":"Portada","item":"https:\/\/crossfitgirona.com\/"},{"@type":"ListItem","position":2,"name":"Contacto"}]},{"@type":"WebSite","@id":"https:\/\/crossfitgirona.com\/#website","url":"https:\/\/crossfitgirona.com\/","name":"","description":"Centro de entrenamiento de CrossFit que busca liberar todo el potencial de cada persona a trav\u00e9s de ejercicios de velocidad, fuerza, movilidad articular y coordinaci\u00f3n","potentialAction":[{"@type":"SearchAction","target":{"@type":"EntryPoint","urlTemplate":"https:\/\/crossfitgirona.com\/?s={search_term_string}"},"query-input":{"@type":"PropertyValueSpecification","valueRequired":true,"valueName":"search_term_string"}}],"inLanguage":"ca"}]}},"_links":{"self":[{"href":"https:\/\/crossfitgirona.com\/ca\/wp-json\/wp\/v2\/pages\/43","targetHints":{"allow":["GET"]}}],"collection":[{"href":"https:\/\/crossfitgirona.com\/ca\/wp-json\/wp\/v2\/pages"}],"about":[{"href":"https:\/\/crossfitgirona.com\/ca\/wp-json\/wp\/v2\/types\/page"}],"author":[{"embeddable":true,"href":"https:\/\/crossfitgirona.com\/ca\/wp-json\/wp\/v2\/users\/1"}],"replies":[{"embeddable":true,"href":"https:\/\/crossfitgirona.com\/ca\/wp-json\/wp\/v2\/comments?post=43"}],"version-history":[{"count":10,"href":"https:\/\/crossfitgirona.com\/ca\/wp-json\/wp\/v2\/pages\/43\/revisions"}],"predecessor-version":[{"id":423,"href":"https:\/\/crossfitgirona.com\/ca\/wp-json\/wp\/v2\/pages\/43\/revisions\/423"}],"wp:attachment":[{"href":"https:\/\/crossfitgirona.com\/ca\/wp-json\/wp\/v2\/media?parent=43"}],"curies":[{"name":"wp","href":"https:\/\/api.w.org\/{rel}","templated":true}]}}